{"id":5,"date":"2022-06-13T00:26:13","date_gmt":"2022-06-13T00:26:13","guid":{"rendered":"https:\/\/gruposhowtec.com\/?page_id=5"},"modified":"2022-06-14T19:29:16","modified_gmt":"2022-06-14T19:29:16","slug":"bienvenido","status":"publish","type":"page","link":"https:\/\/gruposhowtec.com\/","title":{"rendered":"Home"},"content":{"rendered":"\n<p class=\"has-text-align-center\" style=\"font-size:48px\">Bienvenidos al<\/p>\n\n\n<div class=\"wp-block-image\">\n<figure class=\"aligncenter size-full is-resized\"><img data-recalc-dims=\"1\" loading=\"lazy\" decoding=\"async\" src=\"https:\/\/i0.wp.com\/gruposhowtec.com\/wp-content\/uploads\/2022\/06\/Logo-GS-1a.jpg?resize=580%2C77&#038;ssl=1\" alt=\"\" class=\"wp-image-42\" width=\"580\" height=\"77\" srcset=\"https:\/\/i0.wp.com\/gruposhowtec.com\/wp-content\/uploads\/2022\/06\/Logo-GS-1a.jpg?w=1023&amp;ssl=1 1023w, https:\/\/i0.wp.com\/gruposhowtec.com\/wp-content\/uploads\/2022\/06\/Logo-GS-1a.jpg?resize=300%2C40&amp;ssl=1 300w, https:\/\/i0.wp.com\/gruposhowtec.com\/wp-content\/uploads\/2022\/06\/Logo-GS-1a.jpg?resize=768%2C102&amp;ssl=1 768w\" sizes=\"auto, (max-width: 580px) 100vw, 580px\" \/><\/figure>\n<\/div>\n\n\n<p class=\"has-text-align-center has-background\" style=\"background-color:#790000;font-size:24px\">Grupo Showtec es la uni\u00f3n de tres marcas lider en la industr\u00eda de la tecnolog\u00eda para eventos especiales y de la automatizaci\u00f3n de edificios.<\/p>\n\n\n\n<div class=\"wp-block-media-text alignwide is-stacked-on-mobile has-black-background-color has-background\"><figure class=\"wp-block-media-text__media\"><img data-recalc-dims=\"1\" loading=\"lazy\" decoding=\"async\" width=\"580\" height=\"219\" src=\"https:\/\/i0.wp.com\/gruposhowtec.com\/wp-content\/uploads\/2022\/06\/LOGO-Negro-CMYK.jpg?resize=580%2C219&#038;ssl=1\" alt=\"\" class=\"wp-image-6 size-full\" srcset=\"https:\/\/i0.wp.com\/gruposhowtec.com\/wp-content\/uploads\/2022\/06\/LOGO-Negro-CMYK.jpg?resize=1024%2C387&amp;ssl=1 1024w, https:\/\/i0.wp.com\/gruposhowtec.com\/wp-content\/uploads\/2022\/06\/LOGO-Negro-CMYK.jpg?resize=300%2C113&amp;ssl=1 300w, https:\/\/i0.wp.com\/gruposhowtec.com\/wp-content\/uploads\/2022\/06\/LOGO-Negro-CMYK.jpg?resize=768%2C290&amp;ssl=1 768w, https:\/\/i0.wp.com\/gruposhowtec.com\/wp-content\/uploads\/2022\/06\/LOGO-Negro-CMYK.jpg?resize=1536%2C581&amp;ssl=1 1536w, https:\/\/i0.wp.com\/gruposhowtec.com\/wp-content\/uploads\/2022\/06\/LOGO-Negro-CMYK.jpg?resize=2048%2C774&amp;ssl=1 2048w, https:\/\/i0.wp.com\/gruposhowtec.com\/wp-content\/uploads\/2022\/06\/LOGO-Negro-CMYK.jpg?w=1160&amp;ssl=1 1160w, https:\/\/i0.wp.com\/gruposhowtec.com\/wp-content\/uploads\/2022\/06\/LOGO-Negro-CMYK.jpg?w=1740&amp;ssl=1 1740w\" sizes=\"auto, (max-width: 580px) 100vw, 580px\" \/><\/figure><div class=\"wp-block-media-text__content\">\n<p class=\"has-white-color has-black-background-color has-text-color has-background\" style=\"font-size:24px;font-style:normal;font-weight:700\">Decente Showtec se dedica a los alquileres y servicios t\u00e9cnicos. Desde hace 20 a\u00f1os operando en Costa Rica. <\/p>\n\n\n\n<div class=\"wp-block-buttons is-layout-flex wp-block-buttons-is-layout-flex\">\n<div class=\"wp-block-button\"><a class=\"wp-block-button__link\" href=\"https:\/\/dshowtec.com\/\" target=\"_blank\" rel=\"noreferrer noopener\">Encuentra Mas<\/a><\/div>\n<\/div>\n<\/div><\/div>\n\n\n\n<div class=\"wp-block-media-text alignwide is-stacked-on-mobile has-background\" style=\"background-color:#000377\"><figure class=\"wp-block-media-text__media\"><img data-recalc-dims=\"1\" loading=\"lazy\" decoding=\"async\" width=\"580\" height=\"232\" src=\"https:\/\/i0.wp.com\/gruposhowtec.com\/wp-content\/uploads\/2022\/06\/Logo-STI-Web-1.jpg?resize=580%2C232&#038;ssl=1\" alt=\"\" class=\"wp-image-36 size-full\" srcset=\"https:\/\/i0.wp.com\/gruposhowtec.com\/wp-content\/uploads\/2022\/06\/Logo-STI-Web-1.jpg?resize=1024%2C410&amp;ssl=1 1024w, https:\/\/i0.wp.com\/gruposhowtec.com\/wp-content\/uploads\/2022\/06\/Logo-STI-Web-1.jpg?resize=300%2C120&amp;ssl=1 300w, https:\/\/i0.wp.com\/gruposhowtec.com\/wp-content\/uploads\/2022\/06\/Logo-STI-Web-1.jpg?resize=768%2C307&amp;ssl=1 768w, https:\/\/i0.wp.com\/gruposhowtec.com\/wp-content\/uploads\/2022\/06\/Logo-STI-Web-1.jpg?resize=1536%2C614&amp;ssl=1 1536w, https:\/\/i0.wp.com\/gruposhowtec.com\/wp-content\/uploads\/2022\/06\/Logo-STI-Web-1.jpg?resize=1200%2C480&amp;ssl=1 1200w, https:\/\/i0.wp.com\/gruposhowtec.com\/wp-content\/uploads\/2022\/06\/Logo-STI-Web-1.jpg?w=1750&amp;ssl=1 1750w\" sizes=\"auto, (max-width: 580px) 100vw, 580px\" \/><\/figure><div class=\"wp-block-media-text__content\">\n<p class=\"has-white-color has-text-color has-background\" style=\"background-color:#000377;font-size:24px;font-style:normal;font-weight:700\">Showtec Internacional ofrece tecnologia de primera calidad. Distribuidor de multiples marcas reconocidas a un nivel mundial.<\/p>\n\n\n\n<div class=\"wp-block-buttons is-layout-flex wp-block-buttons-is-layout-flex\">\n<div class=\"wp-block-button\"><a class=\"wp-block-button__link\" href=\"http:\/\/www.showtec-int.com\/\">Encuentra mas<\/a><\/div>\n<\/div>\n<\/div><\/div>\n\n\n\n<div class=\"wp-block-media-text alignwide is-stacked-on-mobile has-black-background-color has-background\"><figure class=\"wp-block-media-text__media\"><img data-recalc-dims=\"1\" loading=\"lazy\" decoding=\"async\" width=\"580\" height=\"232\" src=\"https:\/\/i0.wp.com\/gruposhowtec.com\/wp-content\/uploads\/2022\/06\/Logo-Smarten-Web-1.jpg?resize=580%2C232&#038;ssl=1\" alt=\"\" class=\"wp-image-10 size-full\" srcset=\"https:\/\/i0.wp.com\/gruposhowtec.com\/wp-content\/uploads\/2022\/06\/Logo-Smarten-Web-1.jpg?resize=1024%2C410&amp;ssl=1 1024w, https:\/\/i0.wp.com\/gruposhowtec.com\/wp-content\/uploads\/2022\/06\/Logo-Smarten-Web-1.jpg?resize=300%2C120&amp;ssl=1 300w, https:\/\/i0.wp.com\/gruposhowtec.com\/wp-content\/uploads\/2022\/06\/Logo-Smarten-Web-1.jpg?resize=768%2C307&amp;ssl=1 768w, https:\/\/i0.wp.com\/gruposhowtec.com\/wp-content\/uploads\/2022\/06\/Logo-Smarten-Web-1.jpg?resize=1536%2C614&amp;ssl=1 1536w, https:\/\/i0.wp.com\/gruposhowtec.com\/wp-content\/uploads\/2022\/06\/Logo-Smarten-Web-1.jpg?w=1750&amp;ssl=1 1750w, https:\/\/i0.wp.com\/gruposhowtec.com\/wp-content\/uploads\/2022\/06\/Logo-Smarten-Web-1.jpg?w=1160&amp;ssl=1 1160w\" sizes=\"auto, (max-width: 580px) 100vw, 580px\" \/><\/figure><div class=\"wp-block-media-text__content\">\n<p class=\"has-white-color has-black-background-color has-text-color has-background\" style=\"font-size:24px;font-style:normal;font-weight:700\">Smarten es nuestra rama mas joven. Automatizaci\u00f3n es el futuro hoy. Llevamos la buena experiencia a su casa, hotel, oficina o negocio.<\/p>\n\n\n\n<div class=\"wp-block-buttons is-layout-flex wp-block-buttons-is-layout-flex\">\n<div class=\"wp-block-button\"><a class=\"wp-block-button__link\" href=\"https:\/\/smartencr.com\/\">Encuentra mas<\/a><\/div>\n<\/div>\n<\/div><\/div>\n\n\n\n<p class=\"has-text-align-center has-primary-color has-text-color\">Grupo Showtec<\/p>\n\n\n\n<p class=\"has-text-align-center\">Calle Mango, Guachipelin, 10203 Escaz\u00fa<\/p>\n\n\n\n<p class=\"has-text-align-center\">San Jos\u00e9, Costa Rica<\/p>\n\n\n\n<p class=\"has-text-align-center\">info@gruposhowtec.com<\/p>\n\n\n\n<p class=\"has-text-align-center\">+506 22150090<\/p>\n","protected":false},"excerpt":{"rendered":"<p>Bienvenidos al Grupo Showtec es la uni\u00f3n de tres marcas lider en la industr\u00eda de la tecnolog\u00eda para eventos especiales y de la automatizaci\u00f3n de edificios. Grupo Showtec Calle Mango, Guachipelin, 10203 Escaz\u00fa San Jos\u00e9, Costa Rica info@gruposhowtec.com +506 22150090<\/p>\n","protected":false},"author":1,"featured_media":0,"parent":0,"menu_order":0,"comment_status":"closed","ping_status":"closed","template":"","meta":{"nf_dc_page":"","footnotes":""},"class_list":["post-5","page","type-page","status-publish","hentry"],"yoast_head":"<!-- This site is optimized with the Yoast SEO plugin v27.5 - https:\/\/yoast.com\/product\/yoast-seo-wordpress\/ -->\n<title>Home - Grupo Showtec<\/title>\n<meta name=\"robots\" content=\"index, follow, max-snippet:-1, max-image-preview:large, max-video-preview:-1\" \/>\n<link rel=\"canonical\" href=\"https:\/\/gruposhowtec.com\/\" \/>\n<meta property=\"og:locale\" content=\"en_US\" \/>\n<meta property=\"og:type\" content=\"article\" \/>\n<meta property=\"og:title\" content=\"Home - Grupo Showtec\" \/>\n<meta property=\"og:description\" content=\"Bienvenidos al Grupo Showtec es la uni\u00f3n de tres marcas lider en la industr\u00eda de la tecnolog\u00eda para eventos especiales y de la automatizaci\u00f3n de edificios. Grupo Showtec Calle Mango, Guachipelin, 10203 Escaz\u00fa San Jos\u00e9, Costa Rica info@gruposhowtec.com +506 22150090\" \/>\n<meta property=\"og:url\" content=\"https:\/\/gruposhowtec.com\/\" \/>\n<meta property=\"og:site_name\" content=\"Grupo Showtec\" \/>\n<meta property=\"article:modified_time\" content=\"2022-06-14T19:29:16+00:00\" \/>\n<meta property=\"og:image\" content=\"https:\/\/gruposhowtec.com\/wp-content\/uploads\/2022\/06\/Logo-GS-1a.jpg\" \/>\n<meta name=\"twitter:card\" content=\"summary_large_image\" \/>\n<meta name=\"twitter:label1\" content=\"Est. reading time\" \/>\n\t<meta name=\"twitter:data1\" content=\"2 minutes\" \/>\n<script type=\"application\/ld+json\" class=\"yoast-schema-graph\">{\"@context\":\"https:\\\/\\\/schema.org\",\"@graph\":[{\"@type\":\"WebPage\",\"@id\":\"https:\\\/\\\/gruposhowtec.com\\\/\",\"url\":\"https:\\\/\\\/gruposhowtec.com\\\/\",\"name\":\"Home - Grupo Showtec\",\"isPartOf\":{\"@id\":\"https:\\\/\\\/gruposhowtec.com\\\/#website\"},\"primaryImageOfPage\":{\"@id\":\"https:\\\/\\\/gruposhowtec.com\\\/#primaryimage\"},\"image\":{\"@id\":\"https:\\\/\\\/gruposhowtec.com\\\/#primaryimage\"},\"thumbnailUrl\":\"https:\\\/\\\/gruposhowtec.com\\\/wp-content\\\/uploads\\\/2022\\\/06\\\/Logo-GS-1a.jpg\",\"datePublished\":\"2022-06-13T00:26:13+00:00\",\"dateModified\":\"2022-06-14T19:29:16+00:00\",\"breadcrumb\":{\"@id\":\"https:\\\/\\\/gruposhowtec.com\\\/#breadcrumb\"},\"inLanguage\":\"en-US\",\"potentialAction\":[{\"@type\":\"ReadAction\",\"target\":[\"https:\\\/\\\/gruposhowtec.com\\\/\"]}]},{\"@type\":\"ImageObject\",\"inLanguage\":\"en-US\",\"@id\":\"https:\\\/\\\/gruposhowtec.com\\\/#primaryimage\",\"url\":\"https:\\\/\\\/i0.wp.com\\\/gruposhowtec.com\\\/wp-content\\\/uploads\\\/2022\\\/06\\\/Logo-GS-1a.jpg?fit=1023%2C136&ssl=1\",\"contentUrl\":\"https:\\\/\\\/i0.wp.com\\\/gruposhowtec.com\\\/wp-content\\\/uploads\\\/2022\\\/06\\\/Logo-GS-1a.jpg?fit=1023%2C136&ssl=1\",\"width\":1023,\"height\":136},{\"@type\":\"BreadcrumbList\",\"@id\":\"https:\\\/\\\/gruposhowtec.com\\\/#breadcrumb\",\"itemListElement\":[{\"@type\":\"ListItem\",\"position\":1,\"name\":\"Home\",\"item\":\"https:\\\/\\\/gruposhowtec.com\\\/\"},{\"@type\":\"ListItem\",\"position\":2,\"name\":\"Home\"}]},{\"@type\":\"WebSite\",\"@id\":\"https:\\\/\\\/gruposhowtec.com\\\/#website\",\"url\":\"https:\\\/\\\/gruposhowtec.com\\\/\",\"name\":\"Grupo Showtec\",\"description\":\"\",\"publisher\":{\"@id\":\"https:\\\/\\\/gruposhowtec.com\\\/#organization\"},\"potentialAction\":[{\"@type\":\"SearchAction\",\"target\":{\"@type\":\"EntryPoint\",\"urlTemplate\":\"https:\\\/\\\/gruposhowtec.com\\\/?s={search_term_string}\"},\"query-input\":{\"@type\":\"PropertyValueSpecification\",\"valueRequired\":true,\"valueName\":\"search_term_string\"}}],\"inLanguage\":\"en-US\"},{\"@type\":\"Organization\",\"@id\":\"https:\\\/\\\/gruposhowtec.com\\\/#organization\",\"name\":\"Grupo Showtec\",\"url\":\"https:\\\/\\\/gruposhowtec.com\\\/\",\"logo\":{\"@type\":\"ImageObject\",\"inLanguage\":\"en-US\",\"@id\":\"https:\\\/\\\/gruposhowtec.com\\\/#\\\/schema\\\/logo\\\/image\\\/\",\"url\":\"https:\\\/\\\/i0.wp.com\\\/gruposhowtec.com\\\/wp-content\\\/uploads\\\/2022\\\/06\\\/Logo-GS-1.jpg?fit=1024%2C576&ssl=1\",\"contentUrl\":\"https:\\\/\\\/i0.wp.com\\\/gruposhowtec.com\\\/wp-content\\\/uploads\\\/2022\\\/06\\\/Logo-GS-1.jpg?fit=1024%2C576&ssl=1\",\"width\":1024,\"height\":576,\"caption\":\"Grupo Showtec\"},\"image\":{\"@id\":\"https:\\\/\\\/gruposhowtec.com\\\/#\\\/schema\\\/logo\\\/image\\\/\"}}]}<\/script>\n<!-- \/ Yoast SEO plugin. -->","yoast_head_json":{"title":"Home - Grupo Showtec","robots":{"index":"index","follow":"follow","max-snippet":"max-snippet:-1","max-image-preview":"max-image-preview:large","max-video-preview":"max-video-preview:-1"},"canonical":"https:\/\/gruposhowtec.com\/","og_locale":"en_US","og_type":"article","og_title":"Home - Grupo Showtec","og_description":"Bienvenidos al Grupo Showtec es la uni\u00f3n de tres marcas lider en la industr\u00eda de la tecnolog\u00eda para eventos especiales y de la automatizaci\u00f3n de edificios. Grupo Showtec Calle Mango, Guachipelin, 10203 Escaz\u00fa San Jos\u00e9, Costa Rica info@gruposhowtec.com +506 22150090","og_url":"https:\/\/gruposhowtec.com\/","og_site_name":"Grupo Showtec","article_modified_time":"2022-06-14T19:29:16+00:00","og_image":[{"url":"https:\/\/gruposhowtec.com\/wp-content\/uploads\/2022\/06\/Logo-GS-1a.jpg","type":"","width":"","height":""}],"twitter_card":"summary_large_image","twitter_misc":{"Est. reading time":"2 minutes"},"schema":{"@context":"https:\/\/schema.org","@graph":[{"@type":"WebPage","@id":"https:\/\/gruposhowtec.com\/","url":"https:\/\/gruposhowtec.com\/","name":"Home - Grupo Showtec","isPartOf":{"@id":"https:\/\/gruposhowtec.com\/#website"},"primaryImageOfPage":{"@id":"https:\/\/gruposhowtec.com\/#primaryimage"},"image":{"@id":"https:\/\/gruposhowtec.com\/#primaryimage"},"thumbnailUrl":"https:\/\/gruposhowtec.com\/wp-content\/uploads\/2022\/06\/Logo-GS-1a.jpg","datePublished":"2022-06-13T00:26:13+00:00","dateModified":"2022-06-14T19:29:16+00:00","breadcrumb":{"@id":"https:\/\/gruposhowtec.com\/#breadcrumb"},"inLanguage":"en-US","potentialAction":[{"@type":"ReadAction","target":["https:\/\/gruposhowtec.com\/"]}]},{"@type":"ImageObject","inLanguage":"en-US","@id":"https:\/\/gruposhowtec.com\/#primaryimage","url":"https:\/\/i0.wp.com\/gruposhowtec.com\/wp-content\/uploads\/2022\/06\/Logo-GS-1a.jpg?fit=1023%2C136&ssl=1","contentUrl":"https:\/\/i0.wp.com\/gruposhowtec.com\/wp-content\/uploads\/2022\/06\/Logo-GS-1a.jpg?fit=1023%2C136&ssl=1","width":1023,"height":136},{"@type":"BreadcrumbList","@id":"https:\/\/gruposhowtec.com\/#breadcrumb","itemListElement":[{"@type":"ListItem","position":1,"name":"Home","item":"https:\/\/gruposhowtec.com\/"},{"@type":"ListItem","position":2,"name":"Home"}]},{"@type":"WebSite","@id":"https:\/\/gruposhowtec.com\/#website","url":"https:\/\/gruposhowtec.com\/","name":"Grupo Showtec","description":"","publisher":{"@id":"https:\/\/gruposhowtec.com\/#organization"},"potentialAction":[{"@type":"SearchAction","target":{"@type":"EntryPoint","urlTemplate":"https:\/\/gruposhowtec.com\/?s={search_term_string}"},"query-input":{"@type":"PropertyValueSpecification","valueRequired":true,"valueName":"search_term_string"}}],"inLanguage":"en-US"},{"@type":"Organization","@id":"https:\/\/gruposhowtec.com\/#organization","name":"Grupo Showtec","url":"https:\/\/gruposhowtec.com\/","logo":{"@type":"ImageObject","inLanguage":"en-US","@id":"https:\/\/gruposhowtec.com\/#\/schema\/logo\/image\/","url":"https:\/\/i0.wp.com\/gruposhowtec.com\/wp-content\/uploads\/2022\/06\/Logo-GS-1.jpg?fit=1024%2C576&ssl=1","contentUrl":"https:\/\/i0.wp.com\/gruposhowtec.com\/wp-content\/uploads\/2022\/06\/Logo-GS-1.jpg?fit=1024%2C576&ssl=1","width":1024,"height":576,"caption":"Grupo Showtec"},"image":{"@id":"https:\/\/gruposhowtec.com\/#\/schema\/logo\/image\/"}}]}},"jetpack_sharing_enabled":true,"_links":{"self":[{"href":"https:\/\/gruposhowtec.com\/index.php?rest_route=\/wp\/v2\/pages\/5","targetHints":{"allow":["GET"]}}],"collection":[{"href":"https:\/\/gruposhowtec.com\/index.php?rest_route=\/wp\/v2\/pages"}],"about":[{"href":"https:\/\/gruposhowtec.com\/index.php?rest_route=\/wp\/v2\/types\/page"}],"author":[{"embeddable":true,"href":"https:\/\/gruposhowtec.com\/index.php?rest_route=\/wp\/v2\/users\/1"}],"replies":[{"embeddable":true,"href":"https:\/\/gruposhowtec.com\/index.php?rest_route=%2Fwp%2Fv2%2Fcomments&post=5"}],"version-history":[{"count":5,"href":"https:\/\/gruposhowtec.com\/index.php?rest_route=\/wp\/v2\/pages\/5\/revisions"}],"predecessor-version":[{"id":88,"href":"https:\/\/gruposhowtec.com\/index.php?rest_route=\/wp\/v2\/pages\/5\/revisions\/88"}],"wp:attachment":[{"href":"https:\/\/gruposhowtec.com\/index.php?rest_route=%2Fwp%2Fv2%2Fmedia&parent=5"}],"curies":[{"name":"wp","href":"https:\/\/api.w.org\/{rel}","templated":true}]}}